{"id":1447,"date":"2024-12-25T10:09:44","date_gmt":"2024-12-25T10:09:44","guid":{"rendered":"https:\/\/eestikohvimeister.ee\/privaatsuspoliitika\/"},"modified":"2026-02-18T09:53:56","modified_gmt":"2026-02-18T09:53:56","slug":"privacy-policy","status":"publish","type":"page","link":"https:\/\/eestikohvimeister.ee\/en\/privacy-policy\/","title":{"rendered":"Privacy Policy"},"content":{"rendered":"\n<style type=\"text\/css\" data-created_by=\"avia_inline_auto\" id=\"style-css-av-av_section-940f2dfab7ed5aca169b8dd0d6b16ff1\">\n.avia-section.av-av_section-940f2dfab7ed5aca169b8dd0d6b16ff1 .av-parallax .av-parallax-inner{\nbackground-repeat:no-repeat;\nbackground-image:url(https:\/\/eestikohvimeister.ee\/wp-content\/uploads\/2014\/07\/restaurant_hotel_brown-1500x1000.jpg);\nbackground-position:50% 50%;\nbackground-attachment:scroll;\n}\n<\/style>\n<div id='reservations'  class='avia-section av-av_section-940f2dfab7ed5aca169b8dd0d6b16ff1 main_color avia-section-large avia-no-border-styling  avia-builder-el-0  el_before_av_section  avia-builder-el-first  avia-full-stretch av-parallax-section avia-bg-style-parallax container_wrap sidebar_right'  data-section-bg-repeat='stretch'><div class='av-parallax' data-avia-parallax-ratio='0.3' ><div class='av-parallax-inner main_color avia-full-stretch'><\/div><\/div><div class='container av-section-cont-open' ><main  role=\"main\" itemprop=\"mainContentOfPage\"  class='template-page content  av-content-small alpha units'><div class='post-entry post-entry-type-page post-entry-1447'><div class='entry-content-wrapper clearfix'>\n\n<style type=\"text\/css\" data-created_by=\"avia_inline_auto\" id=\"style-css-av-m56ra9ac-ea04f6c24728f6e90ff90270a3f6078f\">\n#top .av-special-heading.av-m56ra9ac-ea04f6c24728f6e90ff90270a3f6078f{\npadding-bottom:0;\ncolor:#ffffff;\nfont-size:60px;\n}\nbody .av-special-heading.av-m56ra9ac-ea04f6c24728f6e90ff90270a3f6078f .av-special-heading-tag .heading-char{\nfont-size:25px;\n}\n#top #wrap_all .av-special-heading.av-m56ra9ac-ea04f6c24728f6e90ff90270a3f6078f .av-special-heading-tag{\nfont-size:60px;\n}\n.av-special-heading.av-m56ra9ac-ea04f6c24728f6e90ff90270a3f6078f .special-heading-inner-border{\nborder-color:#ffffff;\n}\n.av-special-heading.av-m56ra9ac-ea04f6c24728f6e90ff90270a3f6078f .av-subheading{\nfont-size:15px;\n}\n\n@media only screen and (min-width: 480px) and (max-width: 767px){ \n#top #wrap_all .av-special-heading.av-m56ra9ac-ea04f6c24728f6e90ff90270a3f6078f .av-special-heading-tag{\nfont-size:0.8em;\n}\n}\n\n@media only screen and (max-width: 479px){ \n#top #wrap_all .av-special-heading.av-m56ra9ac-ea04f6c24728f6e90ff90270a3f6078f .av-special-heading-tag{\nfont-size:0.8em;\n}\n}\n<\/style>\n<div  class='av-special-heading av-m56ra9ac-ea04f6c24728f6e90ff90270a3f6078f av-special-heading-h2 custom-color-heading blockquote modern-quote  avia-builder-el-1  avia-builder-el-no-sibling  av-inherit-size'><h2 class='av-special-heading-tag '  itemprop=\"headline\"  >Privaatsuspoliitika<\/h2><div class=\"special-heading-border\"><div class=\"special-heading-inner-border\"><\/div><\/div><\/div>\n<\/div><\/div><\/main><!-- close content main element --><\/div><\/div><div id='av_section_2'  class='avia-section av-av_section-f22f0f9dd672aac3df52cf5913f6ac08 main_color avia-section-default avia-no-border-styling  avia-builder-el-2  el_after_av_section  avia-builder-el-last  avia-bg-style-scroll container_wrap sidebar_right'  ><div class='container av-section-cont-open' ><div class='template-page content  av-content-small alpha units'><div class='post-entry post-entry-type-page post-entry-1447'><div class='entry-content-wrapper clearfix'>\n<section  class='av_textblock_section av-m56r9hw7-c40c6451103365e8aa7e61a5870d4345 '   itemscope=\"itemscope\" itemtype=\"https:\/\/schema.org\/CreativeWork\" ><div class='avia_textblock'  itemprop=\"text\" ><p class=\"has-accent-color has-text-color\"><strong>K\u00fcpsiste kasutamine- ja privaatsuspoliitika eestikohvimeister.ee lehel<\/strong><\/p>\n<p>Fenar O\u00dc on v\u00f5tnud endale kohustuseks kaitsta klientide ja kasutajate privaatsust. Sellest tulenevalt j\u00e4rgime k\u00e4esolevaid privaatsuspoliitika p\u00f5him\u00f5tteid, mis k\u00e4sitlevad kliendi andmete kogumist, kasutamist, avaldamist, edastamist ja talletamist. Meie tegevus internetis on koosk\u00f5las k\u00f5igi asjakohaste tegevuste ja vastavate Euroopa Liidu \u00f5igusaktidega ning Eesti Vabariigi seadustega.<\/p>\n<p class=\"has-accent-color has-text-color\"><strong>Isikuandmete kogumine ja kasutamine<\/strong><\/p>\n<p>Isikuandmed on Sinu, kui eraisikuga konkreetselt v\u00f5i kaudselt seostatavad andmed, mida Fenar O\u00dc kogub ja t\u00f6\u00f6tleb \u00fcksikisikuga s\u00f5lmitud lepingu t\u00e4itmiseks, teenuste osutamiseks v\u00f5i temaga \u00fchenduse v\u00f5tmiseks ning seadustest tulenevate kohustuste t\u00e4itmiseks.<\/p>\n<p>Isikuandmete kogumine v\u00f5ib toimuda allj\u00e4rgnevatel viisidel:<\/p>\n<ul class=\"wp-block-list\">\n<li>kontaktandmete (sh sinu nimi, isikukood, postiaadress, telefoninumber, e-posti aadress, eelistatud kontakteerumisviis jms) esitamisel meie veebisaidil v\u00f5i mujal (n\u00e4it. kontoris v\u00f5i kohtumisel);<\/li>\n<li>veebisaidi eestikohvimeister.ee kasutamisel k\u00fcpsiste (cookies) kaudu;<\/li>\n<li>tehingu sooritamisel isiku kontaktandmete kaudu.<\/li>\n<\/ul>\n<p class=\"has-accent-color has-text-color\"><strong>Muude andmete kogumine<\/strong><\/p>\n<p>Kogume ka isikustamata andmeid \u2013 andmeid, mida ei saa otseselt \u00fche kindla isikuga siduda (sugu, vanus, keele eelistus, asukoht). V\u00f5ime koguda ka andmeid klienditegevuste kohta meie veebisaidil. Need andmed koondatakse ja neid kasutatakse selleks, et saaksime klientidele edastada kasulikumat teavet ja saaksime teada, millised veebisaidi ja teenuste osad on k\u00f5ige huvipakkuvamad. Koondandmeid k\u00e4sitletakse selles privaatsuspoliitikas isikustamata andmetena.<\/p>\n<p class=\"has-accent-color has-text-color\"><strong>Kogutud isikuandmete kasutamine ja s\u00e4ilitamine<\/strong><\/p>\n<p>Kogutud isikuandmete abil saame kliendiga kontakteeruda, teavitada kliente uudistest, uutest toodetest jms. Klient, kes ei soovi olla meie uudiskirjaloendis v\u00f5i saada teavitusi ja otseturunduse sisu, saab ennast adressaatide sihtr\u00fchmast igal ajal eemaldada.<\/p>\n<p>Kogutud isikuandmeid v\u00f5ime kasutada kliendi ees v\u00f5etud kohustuste t\u00e4itmiseks.<\/p>\n<p>Privaatsuspoliitika tingimustega n\u00f5ustumisel annab klient n\u00f5usoleku enda andmete automatiseeritud t\u00f6\u00f6tlemiseks. N\u00f5usolekut on alati v\u00f5imalik tagasi v\u00f5tta kirjalikku taasesitamist v\u00f5imaldavas vormis avalduse tegemisega. Tagasiulatuvat j\u00f5udu avaldusel ega n\u00f5usoleku tagasiv\u00f5tmisel ei ole.<\/p>\n<p>Kliendi isikuandmeid s\u00e4ilitame nii kaua, kui see on eesm\u00e4rkide saavutamiseks vajalik. S\u00e4ilitamist\u00e4htaeg s\u00f5ltub vajadusest vastata kliendi p\u00e4ringutele. Andmeid, mida oleme kohustatud s\u00e4ilitama \u00f5igusaktidest tulenevalt (nt. raamatupidamise andmed), s\u00e4ilitame \u00f5igusaktides s\u00e4testatud n\u00f5uetest l\u00e4htuvalt.<\/p>\n<p class=\"has-accent-color has-text-color\"><strong>K\u00fcpsised<\/strong><\/p>\n<p>eestikohvimeister.ee veebilehel kasutatakse k\u00fcpsiseid. K\u00fcpsiste eesm\u00e4rk on tagada parem kasutajakogemus ja efektiivsem turundustegevus ning koguda kasutusstatistikat Google Analytics abil, mille abil on v\u00f5imalik m\u00f5\u00f5ta ja parandada veebilehe toimivust.<\/p>\n<p>K\u00fcpsis on v\u00e4iksemahuline tekstifail, mille veebibrauser automaatselt kliendi poolt kasutatavasse seadmesse salvestab. K\u00fcpsiseid kasutatakse teabe kogumiseks selle kohta, kuidas klient veebilehte kasutab, et kliendi jaoks veebilehe kasutamist isiklikumaks ja kasutajas\u00f5bralikumaks muuta. K\u00fcpsised on tihti loodud ka erinevate teenusepakkujate poolt, n\u00e4iteks Facebook. K\u00fcpsisefailid ei ole arvuti jaoks ohtlikud.<\/p>\n<p>K\u00fcpsiseid on tavaliselt kas p\u00fcsivad- v\u00f5i seansik\u00fcpsised. P\u00fcsivad k\u00fcpsised j\u00e4\u00e4vad kasutaja arvutisse p\u00fcsivalt, mida kasutatakse n\u00e4iteks veebilehe korduvk\u00fclastaja \u00e4ratundmiseks, statistikaandmete kogumiseks vms. Seansik\u00fcpsised on ajutised ja kustutatakse, kui kasutaja veebilehelt lahkub v\u00f5i kasutaja brauseri sulgeb.<\/p>\n<p>Kui kasutaja veebubrauseris on k\u00fcpsised lubatud (vaikimisi tihtipeale on), loetakse seda k\u00fcpsistega n\u00f5ustumiseks. Kasutaja saab oma seadmes k\u00fcpsiste kasutamise \u00e4ra keelata v\u00f5i k\u00fcpsised alati kustutada, muutes oma veebibrauseris vastavaid seadeid. K\u00fcpsiste mittekasutamisel ei pruugi veebileht korrektselt t\u00f6\u00f6tada.<\/p>\n<p class=\"has-accent-color has-text-color\"><strong>Isikuandmete kaitse<\/strong><\/p>\n<p>Rakendame k\u00f5iki ettevaatusabin\u00f5usid (sh administratiivsed, tehnilised ja f\u00fc\u00fcsilised meetmed) kliendi isikuandmete kaitsmiseks. Juurdep\u00e4\u00e4s andmete muutmiseks ja t\u00f6\u00f6tlemiseks on ainult selleks volitatud isikutel.<\/p>\n<p>Kui kahtlustad, et Sinu isikuandmetega on toimitud vastupidiselt k\u00e4esolevas privaatsuspoliitikas kirjeldatule v\u00f5i on oht, et Sinu andmed on lekkinud v\u00f5\u00f5rastele isikutele, anna meile sellest koheselt teada. Ainult nii saame hoida potentsiaalse kahju v\u00f5imalikult v\u00e4ikesena.<\/p>\n<p>Kliendil on \u00f5igus n\u00f5uda oma andmete t\u00f6\u00f6tlemise l\u00f5petamist, teavet andmete kasutamise kohta ning andmete edastamist endale v\u00f5i kolmandale isikule \u00fcldkasutatavas vormingus. V\u00e4ltimaks kliendi andmete ja \u00f5iguste v\u00e4\u00e4rkasutust on taotlusi lubatud esitada \u00fcksnes vormis, kus taotleja isik on tuvastatav (digitaalselt allkirjastatud v\u00f5i esinduses isiklikult allkirjastatud). Meil on \u00f5igus sellistele taotlustele vastata 30 p\u00e4eva jooksul.<\/p>\n<p class=\"has-accent-color has-text-color\"><strong>Turvalisus<\/strong><\/p>\n<p>K\u00f5ik veebilehe k\u00fclastamise ja lepingute s\u00f5lmimise k\u00e4igus teatavaks saanud kliendi isikuandmeid k\u00e4sitletakse kui konfidentsiaalset infot.<\/p>\n<p class=\"has-accent-color has-text-color\"><strong>Privaatsuspoliitika tingimused ja muudatused<\/strong><\/p>\n<p>Meie veebisaiti kasutama asudes oled k\u00e4esolevate p\u00f5him\u00f5tete ja tingimustega tutvunud ning nendega n\u00f5ustunud. J\u00e4tame endale \u00f5iguse vajadusel privaatsuspoliitika \u00fcldtingimusi muuta, teavitades sellest kliente e-kirja teel, kuid anname oma parima, et hoida meie privaatsuspoliitika ajakohase ja Sinule k\u00e4ttesaadavana meie kodulehel.<\/p>\n<p>Kliendi isikuandmete vastutavaks t\u00f6\u00f6tlejaks on Fenar O\u00dc. K\u00f5igi privaatsuspoliitika v\u00f5i andmet\u00f6\u00f6tluse kohta tekkivate k\u00fcsimuste v\u00f5i muredega palume v\u00f5tta \u00fchendust aadressil &#x69;&#110;&#102;o&#x40;&#x65;&#101;s&#x74;&#x69;&#107;oh&#x76;&#105;&#109;e&#x69;&#x73;&#116;e&#x72;&#x2e;&#101;&#101; .<\/p>\n<p>Sul on alati \u00f5igus p\u00f6\u00f6rduda oma andmete kaitsmiseks Andmekaitse Inspektsiooni v\u00f5i kohtu poole. Andmekaitse Inspektsiooni n\u00e4ol on tegemist riikliku asutusega, mille poole on v\u00f5imalik p\u00f6\u00f6rduda ka isikuandmete kaitse teemadel konsultatsiooni v\u00f5i abi saamiseks.<\/p>\n<\/div><\/section>\n<\/div><\/div><\/div><!-- close content main div --><\/div><\/div><div id='after_section_2'  class='main_color av_default_container_wrap container_wrap sidebar_right'  ><div class='container av-section-cont-open' ><div class='template-page content  av-content-small alpha units'><div class='post-entry post-entry-type-page post-entry-1447'><div class='entry-content-wrapper clearfix'><\/p>\n","protected":false},"excerpt":{"rendered":"","protected":false},"author":1,"featured_media":0,"parent":0,"menu_order":0,"comment_status":"closed","ping_status":"closed","template":"","meta":{"footnotes":""},"class_list":["post-1447","page","type-page","status-publish","hentry"],"_links":{"self":[{"href":"https:\/\/eestikohvimeister.ee\/en\/wp-json\/wp\/v2\/pages\/1447","targetHints":{"allow":["GET"]}}],"collection":[{"href":"https:\/\/eestikohvimeister.ee\/en\/wp-json\/wp\/v2\/pages"}],"about":[{"href":"https:\/\/eestikohvimeister.ee\/en\/wp-json\/wp\/v2\/types\/page"}],"author":[{"embeddable":true,"href":"https:\/\/eestikohvimeister.ee\/en\/wp-json\/wp\/v2\/users\/1"}],"replies":[{"embeddable":true,"href":"https:\/\/eestikohvimeister.ee\/en\/wp-json\/wp\/v2\/comments?post=1447"}],"version-history":[{"count":2,"href":"https:\/\/eestikohvimeister.ee\/en\/wp-json\/wp\/v2\/pages\/1447\/revisions"}],"predecessor-version":[{"id":1449,"href":"https:\/\/eestikohvimeister.ee\/en\/wp-json\/wp\/v2\/pages\/1447\/revisions\/1449"}],"wp:attachment":[{"href":"https:\/\/eestikohvimeister.ee\/en\/wp-json\/wp\/v2\/media?parent=1447"}],"curies":[{"name":"wp","href":"https:\/\/api.w.org\/{rel}","templated":true}]}}