{"id":1468,"date":"2025-12-08T20:51:51","date_gmt":"2025-12-08T20:51:51","guid":{"rendered":"https:\/\/eestikohvimeister.ee\/toode\/tass-kasitoo\/"},"modified":"2026-02-27T08:21:22","modified_gmt":"2026-02-27T08:21:22","slug":"coffee-cup-handmade","status":"publish","type":"product","link":"https:\/\/eestikohvimeister.ee\/en\/toode\/coffee-cup-handmade\/","title":{"rendered":"Coffee cup, handmade"},"content":{"rendered":"<p>Handmade pottery, cup.<\/p>\n<p>High-temperature ceramic, 1230 degrees.<\/p>\n<p>380 ml.<\/p>\n<p>Suitable for dishwasher.<\/p>\n<p>FB gallery: Maarja pisike savikamber<\/p>\n<p>&nbsp;<\/p>\n<p>Ready at the moment: 3pcs<\/p>\n<p>1 cup price 24\u20ac<\/p>\n<p>#tass #kruus #keraamika #k\u00e4sit\u00f6\u00f6<\/p>\n","protected":false},"excerpt":{"rendered":"<p>Handmade pottery, cup. High-temperature ceramic, 1230 degrees. 380 ml. Suitable for dishwasher. FB gallery: Maarja pisike savikamber &nbsp; Ready at the moment: 3pcs 1 cup price 24\u20ac #tass #kruus #keraamika #k\u00e4sit\u00f6\u00f6<\/p>\n","protected":false},"featured_media":1382,"template":"","meta":[],"product_brand":[],"product_cat":[],"product_tag":[],"class_list":{"0":"post-1468","1":"product","2":"type-product","3":"status-publish","4":"has-post-thumbnail","7":"first","8":"instock","9":"taxable","10":"shipping-taxable","11":"purchasable","12":"product-type-simple"},"_links":{"self":[{"href":"https:\/\/eestikohvimeister.ee\/en\/wp-json\/wp\/v2\/product\/1468","targetHints":{"allow":["GET"]}}],"collection":[{"href":"https:\/\/eestikohvimeister.ee\/en\/wp-json\/wp\/v2\/product"}],"about":[{"href":"https:\/\/eestikohvimeister.ee\/en\/wp-json\/wp\/v2\/types\/product"}],"wp:featuredmedia":[{"embeddable":true,"href":"https:\/\/eestikohvimeister.ee\/en\/wp-json\/wp\/v2\/media\/1382"}],"wp:attachment":[{"href":"https:\/\/eestikohvimeister.ee\/en\/wp-json\/wp\/v2\/media?parent=1468"}],"wp:term":[{"taxonomy":"product_brand","embeddable":true,"href":"https:\/\/eestikohvimeister.ee\/en\/wp-json\/wp\/v2\/product_brand?post=1468"},{"taxonomy":"product_cat","embeddable":true,"href":"https:\/\/eestikohvimeister.ee\/en\/wp-json\/wp\/v2\/product_cat?post=1468"},{"taxonomy":"product_tag","embeddable":true,"href":"https:\/\/eestikohvimeister.ee\/en\/wp-json\/wp\/v2\/product_tag?post=1468"}],"curies":[{"name":"wp","href":"https:\/\/api.w.org\/{rel}","templated":true}]}}